{"id":27,"date":"2025-05-23T20:59:00","date_gmt":"2025-05-23T20:59:00","guid":{"rendered":"https:\/\/ambienteinmersivo.corpoguajira.gov.co\/?page_id=27"},"modified":"2025-08-12T13:59:14","modified_gmt":"2025-08-12T13:59:14","slug":"noticias","status":"publish","type":"page","link":"https:\/\/ambienteinmersivo.corpoguajira.gov.co\/wa\/noticias\/","title":{"rendered":"Anu wane putchi"},"content":{"rendered":"<p>[et_pb_section fb_built=\u00bb1&#8243; custom_padding_last_edited=\u00bbon|phone\u00bb _builder_version=\u00bb4.27.4&#8243; _module_preset=\u00bbdefault\u00bb background_color=\u00bb#f7f7f9&#8243; custom_padding=\u00bb5%||0px||false|false\u00bb custom_padding_tablet=\u00bb7%||||false|false\u00bb custom_padding_phone=\u00bb10%||||false|false\u00bb global_colors_info=\u00bb{}\u00bb][et_pb_row column_structure=\u00bb3_4,1_4&#8243; _builder_version=\u00bb4.27.4&#8243; _module_preset=\u00bbdefault\u00bb width=\u00bb100%\u00bb max_width=\u00bb100%\u00bb module_alignment=\u00bbcenter\u00bb custom_margin=\u00bb5vw||||false|false\u00bb custom_margin_tablet=\u00bb5vw||||false|false\u00bb custom_margin_phone=\u00bb5vw||||false|false\u00bb custom_margin_last_edited=\u00bbon|desktop\u00bb custom_padding=\u00bb0px|10%|0px|10%|true|true\u00bb global_colors_info=\u00bb{}\u00bb][et_pb_column type=\u00bb3_4&#8243; _builder_version=\u00bb4.19.0&#8243; _module_preset=\u00bbdefault\u00bb custom_padding=\u00bb||||false|false\u00bb global_colors_info=\u00bb{}\u00bb][et_pb_text _builder_version=\u00bb4.27.4&#8243; _module_preset=\u00bbdefault\u00bb header_2_font=\u00bbRoboto|700||on|||||\u00bb header_2_text_color=\u00bbgcid-c9213fcf-4ab0-4042-bc84-e0af4e416395&#8243; header_2_font_size=\u00bb10vw\u00bb custom_margin=\u00bb||-70px||false|false\u00bb custom_margin_tablet=\u00bb||-50px||false|false\u00bb custom_margin_phone=\u00bb||-30px||false|false\u00bb custom_margin_last_edited=\u00bbon|phone\u00bb animation_style=\u00bbfade\u00bb animation_delay=\u00bb400ms\u00bb header_2_font_size_tablet=\u00bb12vw\u00bb header_2_font_size_phone=\u00bb14vw\u00bb header_2_font_size_last_edited=\u00bbon|tablet\u00bb global_colors_info=\u00bb{%22gcid-c9213fcf-4ab0-4042-bc84-e0af4e416395%22:%91%22header_2_text_color%22%93}\u00bb]<\/p>\n<h2>Anu wane putchi<\/h2>\n<p>[\/et_pb_text][\/et_pb_column][et_pb_column type=\u00bb1_4&#8243; _builder_version=\u00bb4.19.0&#8243; _module_preset=\u00bbdefault\u00bb global_colors_info=\u00bb{}\u00bb][\/et_pb_column][\/et_pb_row][et_pb_row column_structure=\u00bb1_2,1_2&#8243; make_equal=\u00bbon\u00bb custom_padding_last_edited=\u00bbon|phone\u00bb _builder_version=\u00bb4.27.4&#8243; _module_preset=\u00bbdefault\u00bb background_enable_color=\u00bboff\u00bb use_background_color_gradient=\u00bbon\u00bb background_color_gradient_stops=\u00bbrgba(0,0,0,0) 0%|rgba(0,0,0,0.79) 99%\u00bb background_color_gradient_overlays_image=\u00bbon\u00bb background_image=\u00bbhttps:\/\/ambienteinmersivo.corpoguajira.gov.co\/wp-content\/uploads\/2025\/05\/aulamovilnoticias-corpoguajira.jpg\u00bb background_position=\u00bbcenter_left\u00bb background_enable_video_mp4=\u00bboff\u00bb width=\u00bb100%\u00bb max_width=\u00bb100%\u00bb module_alignment=\u00bbcenter\u00bb min_height=\u00bb50vh\u00bb custom_margin=\u00bb||||false|false\u00bb custom_padding=\u00bb40px|10%|40px|10%|true|true\u00bb custom_padding_tablet=\u00bb40px|10%|40px|10%|true|true\u00bb custom_padding_phone=\u00bb100px|10%|40px|10%|false|true\u00bb animation_style=\u00bbfade\u00bb custom_css_main_element=\u00bbdisplay: flex;||flex-flow: row;||align-items: flex-end;\u00bb global_colors_info=\u00bb{}\u00bb custom_css_main_element_last_edited=\u00bbon|tablet\u00bb custom_css_main_element_phone=\u00bbdisplay: flex;||flex-flow: column;||gap: 20px;||align-items: flex-end;||justify-content: flex-end;\u00bb custom_css_main_element_tablet=\u00bbdisplay: flex;||flex-flow: row;||align-items: flex-end;\u00bb][et_pb_column type=\u00bb1_2&#8243; _builder_version=\u00bb4.19.0&#8243; _module_preset=\u00bbdefault\u00bb custom_padding=\u00bb|40px|||false|false\u00bb custom_padding_tablet=\u00bb|20px|||false|false\u00bb custom_padding_phone=\u00bb|0px|20px||false|false\u00bb custom_padding_last_edited=\u00bbon|phone\u00bb global_colors_info=\u00bb{}\u00bb][et_pb_text _builder_version=\u00bb4.27.4&#8243; _module_preset=\u00bbdefault\u00bb text_font=\u00bbInter||||||||\u00bb text_text_color=\u00bb#FFFFFF\u00bb animation_style=\u00bbfade\u00bb animation_delay=\u00bb600ms\u00bb text_text_shadow_style=\u00bbpreset5&#8243; text_text_shadow_color=\u00bbrgba(0,0,0,0.7)\u00bb global_colors_info=\u00bb{}\u00bb]<\/p>\n<p class=\"translation-block\">Maatchon esshi supula waraittuin pia, chapuuna suluupuna t\u00fc maakalirua ainmajunakat, sukaajet wanee kanulias 360. Piiret saanaan t\u00fc maakalirua<\/p>\n<p>[\/et_pb_text][\/et_pb_column][et_pb_column type=\u00bb1_2&#8243; _builder_version=\u00bb4.19.0&#8243; _module_preset=\u00bbdefault\u00bb custom_padding=\u00bb|||40px|false|false\u00bb custom_padding_tablet=\u00bb|||20px|false|false\u00bb custom_padding_phone=\u00bb|||0px|false|false\u00bb custom_padding_last_edited=\u00bbon|phone\u00bb global_colors_info=\u00bb{}\u00bb][et_pb_text _builder_version=\u00bb4.27.4&#8243; _module_preset=\u00bbdefault\u00bb text_font=\u00bbInter||||||||\u00bb text_text_color=\u00bb#FFFFFF\u00bb animation_style=\u00bbfade\u00bb animation_delay=\u00bb600ms\u00bb text_text_shadow_style=\u00bbpreset5&#8243; text_text_shadow_color=\u00bbrgba(0,0,0,0.7)\u00bb locked=\u00bboff\u00bb global_colors_info=\u00bb{}\u00bb]<\/p>\n<p class=\"translation-block\">Ees wane ekirajiapulu, kan\u00fclias, \u201c Aula Movil\u201d, t\u00fcyale shia t\u00fc, computadorakat sumaa internet. Ees s\u00fcpula piruin shia sulu Corpowajira. T\u00fa ekirajawakat, napulajat na tepichikat colejiashikana, jotta wayuu supushuaya.<\/p>\n<p>[\/et_pb_text][\/et_pb_column][\/et_pb_row][\/et_pb_section][et_pb_section fb_built=\u00bb1&#8243; admin_label=\u00bbHeader\u00bb _builder_version=\u00bb4.22.0&#8243; _module_preset=\u00bbdefault\u00bb overflow-x=\u00bbhidden\u00bb overflow-y=\u00bbhidden\u00bb collapsed=\u00bbon\u00bb global_colors_info=\u00bb{}\u00bb][et_pb_row _builder_version=\u00bb4.24.0&#8243; _module_preset=\u00bbdefault\u00bb max_width=\u00bb1800px\u00bb global_colors_info=\u00bb{}\u00bb][et_pb_column type=\u00bb4_4&#8243; _builder_version=\u00bb4.22.0&#8243; _module_preset=\u00bbdefault\u00bb global_colors_info=\u00bb{}\u00bb][et_pb_text _builder_version=\u00bb4.27.4&#8243; _module_preset=\u00bb85570c80-6cb7-48b1-9b00-271922621699&#8243; header_font=\u00bbRoboto|700|||||||\u00bb header_text_color=\u00bbgcid-c9213fcf-4ab0-4042-bc84-e0af4e416395&#8243; header_font_size=\u00bb60px\u00bb text_orientation=\u00bbcenter\u00bb global_colors_info=\u00bb{%22gcid-c9213fcf-4ab0-4042-bc84-e0af4e416395%22:%91%22header_text_color%22%93}\u00bb]<\/p>\n<h1><strong data-start=\"98\" data-end=\"177\">\ud83d\ude90 <\/strong><strong data-start=\"98\" data-end=\"177\">T\u00fc inmersi\u00f3n, shia wane ouset, etnus kasa wattapunaa suka, enter\u00fc joolu sulu kolejia\u00a0<\/strong><\/h1>\n<p>[\/et_pb_text][\/et_pb_column][\/et_pb_row][\/et_pb_section][et_pb_section fb_built=\u00bb1&#8243; _builder_version=\u00bb4.27.4&#8243; _module_preset=\u00bbdefault\u00bb z_index=\u00bb1&#8243; custom_padding=\u00bb0px||0px||true|false\u00bb locked=\u00bboff\u00bb global_colors_info=\u00bb{}\u00bb][et_pb_row _builder_version=\u00bb4.17.4&#8243; _module_preset=\u00bbdefault\u00bb global_colors_info=\u00bb{}\u00bb][et_pb_column type=\u00bb4_4&#8243; _builder_version=\u00bb4.17.4&#8243; _module_preset=\u00bbdefault\u00bb global_colors_info=\u00bb{}\u00bb][digr_content_grid grid_gap=\u00bb0px\u00bb grid_row=\u00bb2&#8243; content_container_spacing_padding=\u00bb0px|0px|0px|0px|false|false\u00bb grid_column_tablet=\u00bb2&#8243; grid_column_phone=\u00bb1&#8243; grid_column_last_edited=\u00bbon|phone\u00bb _builder_version=\u00bb4.27.4&#8243; _module_preset=\u00bbdefault\u00bb hover_enabled=\u00bb0&#8243; locked=\u00bboff\u00bb global_colors_info=\u00bb{}\u00bb sticky_enabled=\u00bb0&#8243;][digr_content_grid_item title=\u00bbPr\u00f3ximamente\u00bb button_url_new_window=\u00bb1&#8243; grid_column_start_tablet=\u00bbauto\u00bb grid_column_start_phone=\u00bbauto\u00bb grid_column_start_last_edited=\u00bbon|tablet\u00bb grid_column_end_tablet=\u00bbauto\u00bb grid_column_end_phone=\u00bbauto\u00bb grid_column_end_last_edited=\u00bbon|tablet\u00bb title_tag=\u00bbh3&#8243; item_align=\u00bbon\u00bb alignment=\u00bbcenter\u00bb container_spacing_padding=\u00bb|60px|||false|false\u00bb container_spacing_padding_tablet=\u00bb0px|10px|0px||false|false\u00bb container_spacing_padding_phone=\u00bb0px|0px|0px||false|false\u00bb container_spacing_padding_last_edited=\u00bbon|phone\u00bb _builder_version=\u00bb4.27.4&#8243; _module_preset=\u00bbdefault\u00bb title_font=\u00bbRoboto|700|||||||\u00bb title_text_color=\u00bbgcid-ecba26b3-3a81-4aaf-89f5-c9f6b65eca8a\u00bb title_font_size=\u00bb48px\u00bb title_line_height=\u00bb1.2em\u00bb background_enable_color=\u00bboff\u00bb title_text_align_tablet=\u00bb\u00bb title_text_align_phone=\u00bbcenter\u00bb title_text_align_last_edited=\u00bbon|phone\u00bb title_font_size_tablet=\u00bb36px\u00bb title_font_size_phone=\u00bb28px\u00bb title_font_size_last_edited=\u00bbon|phone\u00bb global_colors_info=\u00bb{%22gcid-ecba26b3-3a81-4aaf-89f5-c9f6b65eca8a%22:%91%22title_text_color%22%93}\u00bb][\/digr_content_grid_item][digr_content_grid_item title=\u00bbExperiencias inmersivas en La Guajira\u00bb button_url_new_window=\u00bb1&#8243; grid_column_start=\u00bb2&#8243; grid_column_start_tablet=\u00bbauto\u00bb grid_column_start_phone=\u00bbauto\u00bb grid_column_start_last_edited=\u00bbon|tablet\u00bb grid_column_end=\u00bb4&#8243; grid_column_end_tablet=\u00bbauto\u00bb grid_column_end_phone=\u00bbauto\u00bb grid_column_end_last_edited=\u00bbon|tablet\u00bb item_align=\u00bbon\u00bb alignment=\u00bbbottom_left\u00bb container_spacing_padding=\u00bb150px|50px|50px|50px|false|false\u00bb container_spacing_padding_tablet=\u00bb150px|20px||20px|false|true\u00bb container_spacing_padding_phone=\u00bb40px|20px|40px|20px|true|true\u00bb container_spacing_padding_last_edited=\u00bbon|tablet\u00bb _builder_version=\u00bb4.27.4&#8243; _module_preset=\u00bbdefault\u00bb title_font=\u00bbRoboto|700|||||||\u00bb title_text_color=\u00bb#FFFFFF\u00bb title_font_size=\u00bb48px\u00bb title_line_height=\u00bb1.2em\u00bb background_color=\u00bbRGBA(255,255,255,0)\u00bb background_enable_color=\u00bbon\u00bb background_image=\u00bbhttps:\/\/ambienteinmersivo.corpoguajira.gov.co\/wp-content\/uploads\/2025\/05\/bannerproxima-corpoguajira-1.jpg\u00bb background_enable_image=\u00bbon\u00bb background_blend=\u00bbdarken\u00bb hover_enabled=\u00bb0&#8243; title_font_size_tablet=\u00bb32px\u00bb title_font_size_phone=\u00bb26px\u00bb title_font_size_last_edited=\u00bbon|phone\u00bb global_colors_info=\u00bb{}\u00bb sticky_enabled=\u00bb0&#8243;][\/digr_content_grid_item][digr_content_grid_item title=\u00bbPr\u00f3ximamente\u00bb image=\u00bbhttps:\/\/ambienteinmersivo.corpoguajira.gov.co\/wp-content\/uploads\/2025\/05\/aulamovil-corpoguajira-min.png\u00bb alt_text=\u00bbaulamovil-corpoguajira-min\u00bb image_child_width=\u00bb80%\u00bb image_icon_hr_align=\u00bbcenter\u00bb button_url_new_window=\u00bb1&#8243; title_tag=\u00bbh4&#8243; subtitle_tag=\u00bbp\u00bb item_align=\u00bbon\u00bb alignment=\u00bbcenter\u00bb container_spacing_margin=\u00bb10px|||20px|false|false\u00bb image_icon_spacing_padding=\u00bb20px|20px||20px|false|true\u00bb content_container_spacing_padding=\u00bb|20px|20px|20px|false|true\u00bb title_spacing_padding=\u00bb20px||||false|false\u00bb animated_border=\u00bbon\u00bb animated_border_gradient_color_1=\u00bb#0c71c3&#8243; animated_border_gradient_color_2=\u00bb#ffd166&#8243; animated_border_gradient_color_3=\u00bb#993f00&#8243; animated_border_gradient_color_4=\u00bb#55a000&#8243; animated_border_gradient_color_5=\u00bb#0599b7&#8243; animated_border_gradient_color_6=\u00bb#a2d2ff\u00bb _builder_version=\u00bb4.27.4&#8243; _module_preset=\u00bbdefault\u00bb title_font=\u00bbRoboto|900|||||||\u00bb title_text_align=\u00bbcenter\u00bb title_font_size=\u00bb18px\u00bb subtitle_font=\u00bbRoboto|600|||||||\u00bb subtitle_text_align=\u00bbcenter\u00bb subtitle_text_color=\u00bb#000000&#8243; subtitle_font_size=\u00bb22px\u00bb content_font=\u00bbRoboto||||||||\u00bb content_text_align=\u00bbcenter\u00bb content_font_size=\u00bb16px\u00bb global_colors_info=\u00bb{}\u00bb]<\/p>\n<p>Anee p\u00fck\u00fcjuin shiikit tu Inversiwakat, s\u00fckajetchika pirajee wajirakat.<\/p>\n<p>[\/digr_content_grid_item][digr_content_grid_item title=\u00bbPr\u00f3ximamente\u00bb image=\u00bbhttps:\/\/ambienteinmersivo.corpoguajira.gov.co\/wp-content\/uploads\/2025\/05\/360-corpoguajira-min.png\u00bb alt_text=\u00bb360-corpoguajira-min\u00bb image_child_width=\u00bb80%\u00bb image_icon_hr_align=\u00bbcenter\u00bb button_url_new_window=\u00bb1&#8243; title_tag=\u00bbh4&#8243; subtitle_tag=\u00bbh2&#8243; item_align=\u00bbon\u00bb alignment=\u00bbcenter\u00bb container_spacing_margin=\u00bb10px|||20px|false|false\u00bb image_icon_spacing_padding=\u00bb20px|20px||20px|false|true\u00bb content_container_spacing_padding=\u00bb|20px|20px|20px|false|true\u00bb title_spacing_padding=\u00bb20px||||false|false\u00bb animated_border=\u00bbon\u00bb animated_border_gradient_color_1=\u00bb#ffe66d\u00bb animated_border_gradient_color_2=\u00bb#ff6b6b\u00bb animated_border_gradient_color_3=\u00bb#f15bb5&#8243; animated_border_gradient_color_4=\u00bb#9d4edd\u00bb animated_border_gradient_color_5=\u00bb#4ecdc4&#8243; animated_border_gradient_color_6=\u00bb#00bbf9&#8243; _builder_version=\u00bb4.27.4&#8243; _module_preset=\u00bbdefault\u00bb title_font=\u00bbPoppins||||||||\u00bb title_text_align=\u00bbcenter\u00bb title_font_size=\u00bb18px\u00bb subtitle_font=\u00bbMontserrat|600|||||||\u00bb subtitle_text_align=\u00bbcenter\u00bb subtitle_text_color=\u00bb#000000&#8243; subtitle_font_size=\u00bb22px\u00bb content_font=\u00bbRoboto||||||||\u00bb content_text_align=\u00bbcenter\u00bb content_font_size=\u00bb17px\u00bb global_colors_info=\u00bb{}\u00bb]<\/p>\n<p><span style=\"font-weight: 400;\">Anee p\u00fck\u00fcjuin shiikit, waraittapa pia s\u00fckajee, t\u00fc 360. Piirer\u00fc tu mmaakalirua, t\u00fc aimajuushikalirua.<\/span><\/p>\n<p>[\/digr_content_grid_item][digr_content_grid_item title=\u00bbPr\u00f3ximamente\u00bb image=\u00bbhttps:\/\/ambienteinmersivo.corpoguajira.gov.co\/wp-content\/uploads\/2025\/05\/vrauditorio-corpoguajira-min.png\u00bb alt_text=\u00bbvrauditorio-corpoguajira-min\u00bb image_child_width=\u00bb80%\u00bb image_icon_hr_align=\u00bbcenter\u00bb button_url_new_window=\u00bb1&#8243; title_tag=\u00bbh4&#8243; subtitle_tag=\u00bbh2&#8243; item_align=\u00bbon\u00bb alignment=\u00bbcenter\u00bb container_spacing_margin=\u00bb10px|||20px|false|false\u00bb image_icon_spacing_padding=\u00bb20px|20px||20px|false|true\u00bb content_container_spacing_padding=\u00bb|20px|20px|20px|false|true\u00bb title_spacing_padding=\u00bb20px||||false|false\u00bb animated_border=\u00bbon\u00bb animated_border_gradient_color_1=\u00bb#E02B20&#8243; animated_border_gradient_color_2=\u00bb#E09900&#8243; animated_border_gradient_color_3=\u00bb#EDF000&#8243; animated_border_gradient_color_4=\u00bb#7CDA24&#8243; animated_border_gradient_color_5=\u00bb#0C71C3&#8243; animated_border_gradient_color_6=\u00bb#8300E9&#8243; _builder_version=\u00bb4.27.4&#8243; _module_preset=\u00bbdefault\u00bb title_font=\u00bbPoppins||||||||\u00bb title_text_align=\u00bbcenter\u00bb title_font_size=\u00bb18px\u00bb subtitle_font=\u00bbMontserrat|600|||||||\u00bb subtitle_text_align=\u00bbcenter\u00bb subtitle_text_color=\u00bb#000000&#8243; subtitle_font_size=\u00bb22px\u00bb content_font=\u00bbRoboto||||||||\u00bb content_text_align=\u00bbcenter\u00bb content_font_size=\u00bb17px\u00bb global_colors_info=\u00bb{}\u00bb]<\/p>\n<p><span style=\"font-weight: 400;\">Anee p\u00fck\u00fcjuin shiikit, piraapa t\u00fc inmersiwakat, chaya corpowajira<\/span><\/p>\n<p>[\/digr_content_grid_item][\/digr_content_grid][\/et_pb_column][\/et_pb_row][\/et_pb_section]<\/p>","protected":false},"excerpt":{"rendered":"<p>NoticiasMuy pronto podr\u00e1s vivir recorridos 360 por las \u00e1reas protegidas m\u00e1s emblem\u00e1ticas de La Guajira. Una forma innovadora de explorar la biodiversidad y riqueza natural del territorio desde cualquier lugar.La experiencia inmersiva llegar\u00e1 al aula m\u00f3vil y al auditorio de Corpoguajira, llevando educaci\u00f3n ambiental a estudiantes y comunidades del departamento.\ud83d\ude90 La inmersi\u00f3n llegar\u00e1 a colegios [&hellip;]<\/p>","protected":false},"author":1,"featured_media":0,"parent":0,"menu_order":0,"comment_status":"closed","ping_status":"closed","template":"","meta":{"_et_pb_use_builder":"on","_et_pb_old_content":"<!-- wp:divi\/placeholder \/-->","_et_gb_content_width":"","footnotes":""},"class_list":["post-27","page","type-page","status-publish","hentry"],"_links":{"self":[{"href":"https:\/\/ambienteinmersivo.corpoguajira.gov.co\/wa\/wp-json\/wp\/v2\/pages\/27","targetHints":{"allow":["GET"]}}],"collection":[{"href":"https:\/\/ambienteinmersivo.corpoguajira.gov.co\/wa\/wp-json\/wp\/v2\/pages"}],"about":[{"href":"https:\/\/ambienteinmersivo.corpoguajira.gov.co\/wa\/wp-json\/wp\/v2\/types\/page"}],"author":[{"embeddable":true,"href":"https:\/\/ambienteinmersivo.corpoguajira.gov.co\/wa\/wp-json\/wp\/v2\/users\/1"}],"replies":[{"embeddable":true,"href":"https:\/\/ambienteinmersivo.corpoguajira.gov.co\/wa\/wp-json\/wp\/v2\/comments?post=27"}],"version-history":[{"count":16,"href":"https:\/\/ambienteinmersivo.corpoguajira.gov.co\/wa\/wp-json\/wp\/v2\/pages\/27\/revisions"}],"predecessor-version":[{"id":987583642,"href":"https:\/\/ambienteinmersivo.corpoguajira.gov.co\/wa\/wp-json\/wp\/v2\/pages\/27\/revisions\/987583642"}],"wp:attachment":[{"href":"https:\/\/ambienteinmersivo.corpoguajira.gov.co\/wa\/wp-json\/wp\/v2\/media?parent=27"}],"curies":[{"name":"wp","href":"https:\/\/api.w.org\/{rel}","templated":true}]}}